{"id":163,"date":"2023-11-20T09:55:04","date_gmt":"2023-11-20T08:55:04","guid":{"rendered":"https:\/\/www.enusa.es\/?page_id=163"},"modified":"2024-01-22T11:16:23","modified_gmt":"2024-01-22T10:16:23","slug":"aviso-legal","status":"publish","type":"page","link":"https:\/\/www.enusa.es\/en\/aviso-legal\/","title":{"rendered":"Legal notice"},"content":{"rendered":"<p>[et_pb_section fb_built=\u00bb1&#8243; custom_padding_last_edited=\u00bbon|phone\u00bb admin_label=\u00bbHero\u00bb _builder_version=\u00bb4.9.4&#8243; _module_preset=\u00bbdefault\u00bb background_color=\u00bbrgba(0,0,0,0.5)\u00bb background_image=\u00bbhttps:\/\/www.enusa.es\/wp-content\/uploads\/2023\/11\/Foto_Chicas_optimizada.jpg\u00bb background_blend=\u00bbcolor\u00bb module_alignment=\u00bbcenter\u00bb height=\u00bb50vh\u00bb height_tablet=\u00bb52vh\u00bb height_phone=\u00bb36vh\u00bb height_last_edited=\u00bbon|phone\u00bb custom_padding=\u00bb35vh||||false|false\u00bb custom_padding_tablet=\u00bb25vh||0px||false|false\u00bb custom_padding_phone=\u00bb10vh||0px||false|false\u00bb locked=\u00bboff\u00bb][et_pb_row column_structure=\u00bb3_5,2_5&#8243; make_equal=\u00bbon\u00bb _builder_version=\u00bb4.9.4&#8243; _module_preset=\u00bbdefault\u00bb min_height_last_edited=\u00bboff|desktop\u00bb height_last_edited=\u00bboff|desktop\u00bb][et_pb_column type=\u00bb3_5&#8243; _builder_version=\u00bb4.9.4&#8243; _module_preset=\u00bbdefault\u00bb transform_origin=\u00bb50%|48%\u00bb custom_css_main_element_last_edited=\u00bboff|desktop\u00bb custom_css_main_element_tablet=\u00bbdisplay:flex;||flex-direction:column;||justify-content:flex-end;\u00bb][et_pb_text _builder_version=\u00bb4.9.4&#8243; _module_preset=\u00bbdefault\u00bb background_layout=\u00bbdark\u00bb header_2_font_size_tablet=\u00bb28px\u00bb header_2_font_size_phone=\u00bb26px\u00bb header_2_font_size_last_edited=\u00bbon|phone\u00bb]<\/p>\n<h3>Aviso legal<\/h3>\n<p>[\/et_pb_text][\/et_pb_column][et_pb_column type=\u00bb2_5&#8243; _builder_version=\u00bb4.9.4&#8243; _module_preset=\u00bbdefault\u00bb][\/et_pb_column][\/et_pb_row][\/et_pb_section][et_pb_section fb_built=\u00bb1&#8243; admin_label=\u00bbBreadcrumps\u00bb _builder_version=\u00bb4.9.4&#8243; _module_preset=\u00bbdefault\u00bb custom_margin=\u00bb0px||0px||true|false\u00bb custom_padding=\u00bb0px||0px||true|false\u00bb global_module=\u00bb18561&#8243;][et_pb_row _builder_version=\u00bb4.9.4&#8243; _module_preset=\u00bbdefault\u00bb width=\u00bb90%\u00bb custom_margin=\u00bb||||true|true\u00bb custom_padding=\u00bb||||true|true\u00bb][et_pb_column type=\u00bb4_4&#8243; _builder_version=\u00bb4.9.4&#8243; _module_preset=\u00bbdefault\u00bb][lwp_divi_breadcrumbs home_text=\u00bbInicio\u00bb link_color=\u00bb#F2C75C\u00bb separator_color=\u00bb#202020&#8243; current_text_color=\u00bb#202020&#8243; _builder_version=\u00bb4.9.4&#8243; _module_preset=\u00bbdefault\u00bb custom_margin=\u00bb0px||0px||true|true\u00bb custom_padding=\u00bb||||true|true\u00bb][\/lwp_divi_breadcrumbs][\/et_pb_column][\/et_pb_row][\/et_pb_section][et_pb_section fb_built=\u00bb1&#8243; _builder_version=\u00bb4.9.4&#8243; _module_preset=\u00bbdefault\u00bb][et_pb_row _builder_version=\u00bb4.9.4&#8243; _module_preset=\u00bbdefault\u00bb][et_pb_column type=\u00bb4_4&#8243; _builder_version=\u00bb4.9.4&#8243; _module_preset=\u00bbdefault\u00bb][et_pb_text _builder_version=\u00bb4.9.4&#8243; _module_preset=\u00bbdefault\u00bb hover_enabled=\u00bb0&#8243; sticky_enabled=\u00bb0&#8243;]<\/p>\n<h3>AVISO LEGAL<\/h3>\n<p>[\/et_pb_text][et_pb_text _builder_version=\u00bb4.9.4&#8243; _module_preset=\u00bbdefault\u00bb hover_enabled=\u00bb0&#8243; sticky_enabled=\u00bb0&#8243;]<\/p>\n<p>ENUSA Industrias Avanzadas, S.A., S.M.E. (ENUSA), sociedad perteneciente al grupo SEPI (Sociedad Estatal de Participaciones Industriales), se constituy\u00f3 en 1972 bajo la denominaci\u00f3n de Empresa Nacional del Uranio, S.A. Esta denominaci\u00f3n se mantuvo hasta el a\u00f1o 2000 en el que fue cambiada por la actual. Tiene su domicilio social en 28040-Madrid, calle Santiago Rusi\u00f1ol, 12, tel\u00e9fono 91 347 42 00, fax 91 347 42 15. Est\u00e1 inscrita en el Registro Mercantil de Madrid en el tomo 12.390, secci\u00f3n 8\u00aa, libro 0, hoja M-33690 y tiene C\u00f3digo de Identificaci\u00f3n Fiscal A28286375.<\/p>\n<p>ENUSA ofrece el acceso a su p\u00e1gina web (en adelante, la P\u00e1gina) en las condiciones de uso que se indican en este Aviso Legal.<\/p>\n<p>El acceso o utilizaci\u00f3n de la P\u00e1gina atribuye la condici\u00f3n de usuario e implica el conocimiento y la aceptaci\u00f3n plena y sin reservas de estas condiciones.<\/p>\n<p>[\/et_pb_text][et_pb_text _builder_version=\u00bb4.9.4&#8243; _module_preset=\u00bbdefault\u00bb hover_enabled=\u00bb0&#8243; sticky_enabled=\u00bb0&#8243;]<\/p>\n<h4>Condiciones de acceso y utilizaci\u00f3n de la P\u00e1gina<\/h4>\n<p>El acceso a la P\u00e1gina y su utilizaci\u00f3n son libres y gratuitos, aunque ENUSA se reserva la facultad de condicionar su acceso y de modificar las condiciones y t\u00e9rminos de su utilizaci\u00f3n, sin previo aviso.<\/p>\n<p>El usuario se compromete a utilizar la P\u00e1gina con correcci\u00f3n y de conformidad con la legislaci\u00f3n vigente y el presente Aviso Legal, absteni\u00e9ndose de reproducir, copiar, modificar y comercializar sus contenidos salvo casos autorizados por la Ley o expresamente consentidos por ENUSA.<\/p>\n<p>El usuario garantiza la autenticidad de los datos que pudiera comunicar a la P\u00e1gina y, en tal caso, se obliga a mantenerlos actualizados, haci\u00e9ndose responsable de las inexactitudes o manifestaciones falsas que realice.<\/p>\n<p>El usuario responde de los da\u00f1os y perjuicios que pudieran causarse como consecuencia del uso de la P\u00e1gina con fines lesivos para los intereses de ENUSA o de terceros.<\/p>\n<p>[\/et_pb_text][et_pb_text _builder_version=\u00bb4.9.4&#8243; _module_preset=\u00bbdefault\u00bb hover_enabled=\u00bb0&#8243; sticky_enabled=\u00bb0&#8243;]<\/p>\n<h4>Enlaces y cookies en la P\u00e1gina<\/h4>\n<p>La P\u00e1gina proporciona dispositivos de enlace o b\u00fasqueda a otras p\u00e1ginas o contenidos que son propiedad de terceros (en adelante, sitios enlazados), pero ENUSA no se responsabiliza de los resultados que puedan derivarse al usuario por el acceso o por la utilizaci\u00f3n de tales sitios.<\/p>\n<p>Cuando el usuario considere que un sitio enlazado dispone de contenidos il\u00edcitos o inadecuados, puede ponerlo en conocimiento de ENUSA sin que esta comunicaci\u00f3n conlleve la obligaci\u00f3n de anular el enlace.<\/p>\n<p>La existencia de sitios enlazados no presupone para ENUSA acuerdo alguno con los titulares de los mismos, ni identificaci\u00f3n con sus contenidos.<\/p>\n<p>Para facilitar la navegaci\u00f3n, la P\u00e1gina utiliza cookies, ficheros de datos, de reducida dimensi\u00f3n, que se alojan en el ordenador del usuario, pero sin posibilidad de leer los datos de su disco duro. La informaci\u00f3n de estos ficheros es an\u00f3nima, por lo que no puede ser asociada a ning\u00fan usuario ni permite su identificaci\u00f3n.<\/p>\n<p>[\/et_pb_text][et_pb_text _builder_version=\u00bb4.9.4&#8243; _module_preset=\u00bbdefault\u00bb hover_enabled=\u00bb0&#8243; sticky_enabled=\u00bb0&#8243;]<\/p>\n<h4>Introducci\u00f3n de enlaces por el usuario<\/h4>\n<p>El usuario que introduzca enlaces desde su propia p\u00e1gina web a la de ENUSA debe cumplir las siguientes condiciones:<\/p>\n<ol>\n<li>El enlace \u00fanicamente vincula con la p\u00e1gina principal de ENUSA (home page), pero no la reproducir\u00e1 de ninguna forma. Est\u00e1n prohibidos, por tanto, los dispositivos que permitan el acceso a contenidos de la P\u00e1gina a trav\u00e9s de direcciones de Internet distintas a las de la P\u00e1gina de ENUSA.<\/li>\n<li>La p\u00e1gina que establezca el enlace no puede realizar ning\u00fan tipo de manifestaci\u00f3n falsa, incorrecta o tendenciosa sobre ENUSA y sus actividades, empleados, clientes o accionistas ni, tampoco, disponer o enlazar con contenidos il\u00edcitos, nocivos o contarios a la moral y a las buenas costumbres.<\/li>\n<li>En ning\u00fan caso puede expresarse en la p\u00e1gina que disponga de enlace, que ENUSA presta o ha prestado su consentimiento para su inserci\u00f3n o que, de alg\u00fan modo, patrocina o apoya los servicios del remitente.<\/li>\n<\/ol>\n<p>Salvo autorizaci\u00f3n expresa de ENUSA, no se permite utilizar, dentro de la p\u00e1gina remitente, marca o signo distintivo de ENUSA.<\/p>\n<p>[\/et_pb_text][et_pb_text _builder_version=\u00bb4.9.4&#8243; _module_preset=\u00bbdefault\u00bb hover_enabled=\u00bb0&#8243; sticky_enabled=\u00bb0&#8243;]<\/p>\n<h4>Exclusi\u00f3n de responsabilidad<\/h4>\n<p>Respecto de los contenidos de la P\u00e1gina, ENUSA no se responsabiliza de los da\u00f1os y perjuicios que se puedan producir en el usuario o en terceros por las actuaciones o decisiones que se tomen con base en los mismos.<\/p>\n<p>Respecto de la calidad de la informaci\u00f3n, Enusa no se obliga a controlar la existencia de elementos o programas inform\u00e1ticos da\u00f1inos ni se hace responsable de los da\u00f1os producidos en los equipos inform\u00e1ticos de los usuarios durante la conexi\u00f3n a la P\u00e1gina. El usuario se responsabiliza, en todo caso, de su detecci\u00f3n y desinfecci\u00f3n.<\/p>\n<p>Respecto de la disponibilidad de la P\u00e1gina, ENUSA no se responsabiliza de los da\u00f1os o perjuicios de cualquier clase producidos en el usuario por cualquier tipo de fallo que impida la conexi\u00f3n a la P\u00e1gina o produzca su interrupci\u00f3n o cancelaci\u00f3n.<\/p>\n<p>[\/et_pb_text][et_pb_text _builder_version=\u00bb4.9.4&#8243; _module_preset=\u00bbdefault\u00bb hover_enabled=\u00bb0&#8243; sticky_enabled=\u00bb0&#8243;]<\/p>\n<h4>Comunicaci\u00f3n de actividades de car\u00e1cter il\u00edcito e inadecuado<\/h4>\n<p>Cuando el usuario tenga conocimiento de que los sitios enlazados remiten a p\u00e1ginas de contenido il\u00edcito, nocivo, violento o contrario a la moral, puede ponerlo en conocimiento de ENUSA sin que su recepci\u00f3n suponga para ENUSA el conocimiento efectivo de tales contenidos comunicados por el usuario, de acuerdo con lo dispuesto en la Ley de Servicios de la Sociedad de la Informaci\u00f3n y el Comercio Electr\u00f3nico.<\/p>\n<p>[\/et_pb_text][et_pb_text _builder_version=\u00bb4.9.4&#8243; _module_preset=\u00bbdefault\u00bb hover_enabled=\u00bb0&#8243; sticky_enabled=\u00bb0&#8243;]<\/p>\n<h4>Propiedad intelectual e industrial<\/h4>\n<p>El acceso a la P\u00e1gina no atribuye al usuario ning\u00fan derecho sobre las marcas, nombres comerciales y signos distintivos que aparezcan en la misma. Cualquier tipo de reproducci\u00f3n, distribuci\u00f3n, comercializaci\u00f3n o modificaci\u00f3n de los contenidos (textos, gr\u00e1ficos, im\u00e1genes, c\u00f3digos inform\u00e1ticos, etc.) que realice el usuario y no haya sido expresamente autorizada, constituye infracci\u00f3n de los derechos de propiedad intelectual e industrial, sin que pueda entenderse cedido al usuario ning\u00fan derecho o facultad m\u00e1s all\u00e1 de lo necesario para el uso de la P\u00e1gina.<\/p>\n<p>[\/et_pb_text][et_pb_text _builder_version=\u00bb4.9.4&#8243; _module_preset=\u00bbdefault\u00bb hover_enabled=\u00bb0&#8243; sticky_enabled=\u00bb0&#8243;]<\/p>\n<h4>Jurisdicci\u00f3n y legislaci\u00f3n<\/h4>\n<p>El presente Aviso Legal se rige en su totalidad por la Ley espa\u00f1ola. Cualquier controversia derivada del acceso o utilizaci\u00f3n de la P\u00e1gina se someter\u00e1 a los tribunales de Madrid.<\/p>\n<p>[\/et_pb_text][\/et_pb_column][\/et_pb_row][\/et_pb_section]<\/p>\n","protected":false},"excerpt":{"rendered":"<p>Aviso legal<div class=\"et_pb_module lwp_divi_breadcrumbs lwp_divi_breadcrumbs_0\">\n\t\t\t\t\n\t\t\t\t\n\t\t\t\t\n\t\t\t\t\n\t\t\t\t\n\t\t\t\t\n\t\t\t\t<div class=\"et_pb_module_inner\">\n\t\t\t\t\t<div class=\"lwp-breadcrumbs\"> <span class=\"before\"><\/span> <span vocab=\"https:\/\/schema.org\/\" typeof=\"BreadcrumbList\"><span property=\"itemListElement\" typeof=\"ListItem\"><a property=\"item\" typeof=\"WebPage\" href=\"https:\/\/www.enusa.es\/en\/\" class=\"home\"><span property=\"name\">Inicio<\/span><\/a><meta property=\"position\" content=\"1\"><\/span> <span class=\"separator et-pb-icon\">&#x39;<\/span> <\/span><\/div>\n\t\t\t\t<\/div>\n\t\t\t<\/div>AVISO LEGALENUSA Industrias Avanzadas, S.A., S.M.E. (ENUSA), sociedad perteneciente al grupo SEPI (Sociedad Estatal de Participaciones Industriales), se constituy\u00f3 en 1972 bajo la denominaci\u00f3n de Empresa Nacional del Uranio, S.A. Esta denominaci\u00f3n se mantuvo hasta el a\u00f1o 2000 en el que fue cambiada por la actual. [&hellip;]<\/p>\n","protected":false},"author":1,"featured_media":0,"parent":0,"menu_order":0,"comment_status":"closed","ping_status":"closed","template":"","meta":{"_et_pb_use_builder":"on","_et_pb_old_content":"","_et_gb_content_width":"","footnotes":""},"class_list":["post-163","page","type-page","status-publish","hentry"],"yoast_head":"<!-- This site is optimized with the Yoast SEO plugin v26.9 - https:\/\/yoast.com\/product\/yoast-seo-wordpress\/ -->\n<title>Aviso legal - ENUSA | A company for the future<\/title>\n<meta name=\"robots\" content=\"index, follow, max-snippet:-1, max-image-preview:large, max-video-preview:-1\" \/>\n<link rel=\"canonical\" href=\"https:\/\/www.enusa.es\/en\/aviso-legal\/\" \/>\n<meta property=\"og:locale\" content=\"en_GB\" \/>\n<meta property=\"og:type\" content=\"article\" \/>\n<meta property=\"og:title\" content=\"Aviso legal - ENUSA | A company for the future\" \/>\n<meta property=\"og:description\" content=\"Aviso legalAVISO LEGALENUSA Industrias Avanzadas, S.A., S.M.E. (ENUSA), sociedad perteneciente al grupo SEPI (Sociedad Estatal de Participaciones Industriales), se constituy\u00f3 en 1972 bajo la denominaci\u00f3n de Empresa Nacional del Uranio, S.A. Esta denominaci\u00f3n se mantuvo hasta el a\u00f1o 2000 en el que fue cambiada por la actual. [&hellip;]\" \/>\n<meta property=\"og:url\" content=\"https:\/\/www.enusa.es\/en\/aviso-legal\/\" \/>\n<meta property=\"og:site_name\" content=\"ENUSA | A company for the future\" \/>\n<meta property=\"article:modified_time\" content=\"2024-01-22T10:16:23+00:00\" \/>\n<meta name=\"twitter:card\" content=\"summary_large_image\" \/>\n<meta name=\"twitter:label1\" content=\"Estimated reading time\" \/>\n\t<meta name=\"twitter:data1\" content=\"7 minutes\" \/>\n<script type=\"application\/ld+json\" class=\"yoast-schema-graph\">{\"@context\":\"https:\/\/schema.org\",\"@graph\":[{\"@type\":\"WebPage\",\"@id\":\"https:\/\/www.enusa.es\/aviso-legal\/\",\"url\":\"https:\/\/www.enusa.es\/aviso-legal\/\",\"name\":\"Aviso legal - ENUSA | A company for the future\",\"isPartOf\":{\"@id\":\"https:\/\/www.enusa.es\/#website\"},\"datePublished\":\"2023-11-20T08:55:04+00:00\",\"dateModified\":\"2024-01-22T10:16:23+00:00\",\"breadcrumb\":{\"@id\":\"https:\/\/www.enusa.es\/aviso-legal\/#breadcrumb\"},\"inLanguage\":\"en-GB\",\"potentialAction\":[{\"@type\":\"ReadAction\",\"target\":[\"https:\/\/www.enusa.es\/aviso-legal\/\"]}]},{\"@type\":\"BreadcrumbList\",\"@id\":\"https:\/\/www.enusa.es\/aviso-legal\/#breadcrumb\",\"itemListElement\":[{\"@type\":\"ListItem\",\"position\":1,\"name\":\"Portada\",\"item\":\"https:\/\/www.enusa.es\/\"},{\"@type\":\"ListItem\",\"position\":2,\"name\":\"Aviso legal\"}]},{\"@type\":\"WebSite\",\"@id\":\"https:\/\/www.enusa.es\/#website\",\"url\":\"https:\/\/www.enusa.es\/\",\"name\":\"ENUSA | A company for the future\",\"description\":\"Nuestro prop\u00f3sito es desarrollar soluciones innovadoras nucleares y medioambientales, contribuyendo al progreso sostenible de la sociedad\",\"potentialAction\":[{\"@type\":\"SearchAction\",\"target\":{\"@type\":\"EntryPoint\",\"urlTemplate\":\"https:\/\/www.enusa.es\/?s={search_term_string}\"},\"query-input\":{\"@type\":\"PropertyValueSpecification\",\"valueRequired\":true,\"valueName\":\"search_term_string\"}}],\"inLanguage\":\"en-GB\"}]}<\/script>\n<!-- \/ Yoast SEO plugin. -->","yoast_head_json":{"title":"Aviso legal - ENUSA | A company for the future","robots":{"index":"index","follow":"follow","max-snippet":"max-snippet:-1","max-image-preview":"max-image-preview:large","max-video-preview":"max-video-preview:-1"},"canonical":"https:\/\/www.enusa.es\/en\/aviso-legal\/","og_locale":"en_GB","og_type":"article","og_title":"Aviso legal - ENUSA | A company for the future","og_description":"Aviso legalAVISO LEGALENUSA Industrias Avanzadas, S.A., S.M.E. (ENUSA), sociedad perteneciente al grupo SEPI (Sociedad Estatal de Participaciones Industriales), se constituy\u00f3 en 1972 bajo la denominaci\u00f3n de Empresa Nacional del Uranio, S.A. Esta denominaci\u00f3n se mantuvo hasta el a\u00f1o 2000 en el que fue cambiada por la actual. [&hellip;]","og_url":"https:\/\/www.enusa.es\/en\/aviso-legal\/","og_site_name":"ENUSA | A company for the future","article_modified_time":"2024-01-22T10:16:23+00:00","twitter_card":"summary_large_image","twitter_misc":{"Estimated reading time":"7 minutes"},"schema":{"@context":"https:\/\/schema.org","@graph":[{"@type":"WebPage","@id":"https:\/\/www.enusa.es\/aviso-legal\/","url":"https:\/\/www.enusa.es\/aviso-legal\/","name":"Aviso legal - ENUSA | A company for the future","isPartOf":{"@id":"https:\/\/www.enusa.es\/#website"},"datePublished":"2023-11-20T08:55:04+00:00","dateModified":"2024-01-22T10:16:23+00:00","breadcrumb":{"@id":"https:\/\/www.enusa.es\/aviso-legal\/#breadcrumb"},"inLanguage":"en-GB","potentialAction":[{"@type":"ReadAction","target":["https:\/\/www.enusa.es\/aviso-legal\/"]}]},{"@type":"BreadcrumbList","@id":"https:\/\/www.enusa.es\/aviso-legal\/#breadcrumb","itemListElement":[{"@type":"ListItem","position":1,"name":"Portada","item":"https:\/\/www.enusa.es\/"},{"@type":"ListItem","position":2,"name":"Aviso legal"}]},{"@type":"WebSite","@id":"https:\/\/www.enusa.es\/#website","url":"https:\/\/www.enusa.es\/","name":"ENUSA | A company for the future","description":"Nuestro prop\u00f3sito es desarrollar soluciones innovadoras nucleares y medioambientales, contribuyendo al progreso sostenible de la sociedad","potentialAction":[{"@type":"SearchAction","target":{"@type":"EntryPoint","urlTemplate":"https:\/\/www.enusa.es\/?s={search_term_string}"},"query-input":{"@type":"PropertyValueSpecification","valueRequired":true,"valueName":"search_term_string"}}],"inLanguage":"en-GB"}]}},"_links":{"self":[{"href":"https:\/\/www.enusa.es\/en\/wp-json\/wp\/v2\/pages\/163","targetHints":{"allow":["GET"]}}],"collection":[{"href":"https:\/\/www.enusa.es\/en\/wp-json\/wp\/v2\/pages"}],"about":[{"href":"https:\/\/www.enusa.es\/en\/wp-json\/wp\/v2\/types\/page"}],"author":[{"embeddable":true,"href":"https:\/\/www.enusa.es\/en\/wp-json\/wp\/v2\/users\/1"}],"replies":[{"embeddable":true,"href":"https:\/\/www.enusa.es\/en\/wp-json\/wp\/v2\/comments?post=163"}],"version-history":[{"count":6,"href":"https:\/\/www.enusa.es\/en\/wp-json\/wp\/v2\/pages\/163\/revisions"}],"predecessor-version":[{"id":18625,"href":"https:\/\/www.enusa.es\/en\/wp-json\/wp\/v2\/pages\/163\/revisions\/18625"}],"wp:attachment":[{"href":"https:\/\/www.enusa.es\/en\/wp-json\/wp\/v2\/media?parent=163"}],"curies":[{"name":"wp","href":"https:\/\/api.w.org\/{rel}","templated":true}]}}