{"id":827,"date":"2023-12-18T12:25:23","date_gmt":"2023-12-18T11:25:23","guid":{"rendered":"https:\/\/www.enusa.es\/?page_id=827"},"modified":"2024-02-20T14:33:08","modified_gmt":"2024-02-20T13:33:08","slug":"logistico","status":"publish","type":"page","link":"https:\/\/www.enusa.es\/en\/que-hacemos\/logistico\/","title":{"rendered":"Logistic"},"content":{"rendered":"<p>[et_pb_section fb_built=\u00bb1&#8243; admin_label=\u00bbHero\u00bb _builder_version=\u00bb4.9.4&#8243; _module_preset=\u00bbdefault\u00bb background_enable_color=\u00bboff\u00bb use_background_color_gradient=\u00bbon\u00bb background_color_gradient_start=\u00bbrgba(0,53,148,0.51)\u00bb background_color_gradient_end=\u00bbrgba(0,27,76,0.51)\u00bb background_image=\u00bbhttps:\/\/www.enusa.es\/wp-content\/uploads\/2023\/12\/etsa_optimizada.jpg\u00bb background_blend=\u00bbmultiply\u00bb module_alignment=\u00bbleft\u00bb height=\u00bb60vh\u00bb height_tablet=\u00bb52vh\u00bb height_phone=\u00bb44vh\u00bb height_last_edited=\u00bbon|tablet\u00bb custom_padding=\u00bb16vh||||false|false\u00bb scroll_vertical_motion=\u00bb0|50|50|100|-4|0|0&#8243; scroll_fade=\u00bb0|99|99|100|100%|100|0%\u00bb scroll_blur=\u00bb0|40|90|100|10px|0px|10px\u00bb custom_css_main_element=\u00bbdisplay:flex;||flex-direction:column;||flex-wrap:nowrap;||justify-content:center;\u00bb locked=\u00bboff\u00bb][et_pb_row column_structure=\u00bb3_5,2_5&#8243; _builder_version=\u00bb4.9.4&#8243; _module_preset=\u00bbdefault\u00bb custom_margin=\u00bb||||true|true\u00bb custom_padding=\u00bb||||true|true\u00bb global_colors_info=\u00bb{}\u00bb][et_pb_column type=\u00bb3_5&#8243; _builder_version=\u00bb4.9.4&#8243; _module_preset=\u00bbdefault\u00bb][et_pb_text content_last_edited=\u00bboff|desktop\u00bb admin_label=\u00bbTexto\u00bb _builder_version=\u00bb4.9.4&#8243; _module_preset=\u00bbdefault\u00bb text_font_size=\u00bb1em\u00bb header_font_size=\u00bb4em\u00bb header_line_height=\u00bb2em\u00bb header_2_font_size=\u00bb3em\u00bb header_2_line_height=\u00bb1.8em\u00bb header_3_font_size=\u00bb2.2em\u00bb header_3_line_height=\u00bb1.6em\u00bb header_4_font_size=\u00bb1.6em\u00bb header_4_line_height=\u00bb1.4em\u00bb header_5_font_size=\u00bb1.2em\u00bb header_5_line_height=\u00bb1.2em\u00bb header_6_font_size=\u00bb1em\u00bb hover_enabled=\u00bb0&#8243; text_font_size_tablet=\u00bb1.1em\u00bb text_font_size_phone=\u00bb1.2em\u00bb text_font_size_last_edited=\u00bboff|desktop\u00bb header_font_size_tablet=\u00bb1.9em\u00bb header_font_size_phone=\u00bb2em\u00bb header_font_size_last_edited=\u00bboff|desktop\u00bb header_2_font_size_tablet=\u00bb1.7em\u00bb header_2_font_size_phone=\u00bb1.8em\u00bb header_2_font_size_last_edited=\u00bboff|desktop\u00bb header_3_font_size_tablet=\u00bb1.5em\u00bb header_3_font_size_phone=\u00bb1.6em\u00bb header_3_font_size_last_edited=\u00bboff|desktop\u00bb header_4_font_size_tablet=\u00bb1.3em\u00bb header_4_font_size_phone=\u00bb1.4em\u00bb header_4_font_size_last_edited=\u00bboff|desktop\u00bb header_5_font_size_tablet=\u00bb1.1em\u00bb header_5_font_size_phone=\u00bb1.2em\u00bb header_5_font_size_last_edited=\u00bboff|desktop\u00bb header_6_font_size_tablet=\u00bb1em\u00bb header_6_font_size_phone=\u00bb1.1em\u00bb header_6_font_size_last_edited=\u00bboff|desktop\u00bb global_module=\u00bb19256&#8243; saved_tabs=\u00bball\u00bb locked=\u00bboff\u00bb global_colors_info=\u00bb{}\u00bb sticky_enabled=\u00bb0&#8243; background_layout=\u00bbdark\u00bb scroll_blur_enable=\u00bbon\u00bb scroll_blur=\u00bb0|40|80|100|0px|0px|10px\u00bb scroll_blur_tablet=\u00bb\u00bb scroll_blur_phone=\u00bb0|40|84|100|0px|0px|10px\u00bb scroll_blur_last_edited=\u00bbon|phone\u00bb]<\/p>\n<h2>Negocio log\u00edstico<\/h2>\n<p>[\/et_pb_text][et_pb_text content_last_edited=\u00bboff|desktop\u00bb admin_label=\u00bbTexto\u00bb _builder_version=\u00bb4.9.4&#8243; _module_preset=\u00bbdefault\u00bb text_font_size=\u00bb1em\u00bb header_font_size=\u00bb4em\u00bb header_line_height=\u00bb2em\u00bb header_2_font_size=\u00bb3em\u00bb header_2_line_height=\u00bb1.8em\u00bb header_3_font_size=\u00bb2.2em\u00bb header_3_line_height=\u00bb1.6em\u00bb header_4_font_size=\u00bb1.6em\u00bb header_4_line_height=\u00bb1.4em\u00bb header_5_font_size=\u00bb1.2em\u00bb header_5_line_height=\u00bb1.2em\u00bb header_6_font_size=\u00bb1em\u00bb background_layout=\u00bbdark\u00bb scroll_blur_enable=\u00bbon\u00bb scroll_blur=\u00bb0|40|80|100|0px|0px|10px\u00bb hover_enabled=\u00bb0&#8243; text_font_size_tablet=\u00bb1.1em\u00bb text_font_size_phone=\u00bb1.2em\u00bb text_font_size_last_edited=\u00bboff|desktop\u00bb header_font_size_tablet=\u00bb1.9em\u00bb header_font_size_phone=\u00bb2em\u00bb header_font_size_last_edited=\u00bboff|desktop\u00bb header_2_font_size_tablet=\u00bb1.7em\u00bb header_2_font_size_phone=\u00bb1.8em\u00bb header_2_font_size_last_edited=\u00bboff|desktop\u00bb header_3_font_size_tablet=\u00bb1.5em\u00bb header_3_font_size_phone=\u00bb1.6em\u00bb header_3_font_size_last_edited=\u00bboff|desktop\u00bb header_4_font_size_tablet=\u00bb1.3em\u00bb header_4_font_size_phone=\u00bb1.4em\u00bb header_4_font_size_last_edited=\u00bboff|desktop\u00bb header_5_font_size_tablet=\u00bb1.1em\u00bb header_5_font_size_phone=\u00bb1.2em\u00bb header_5_font_size_last_edited=\u00bboff|desktop\u00bb header_6_font_size_tablet=\u00bb1em\u00bb header_6_font_size_phone=\u00bb1.1em\u00bb header_6_font_size_last_edited=\u00bboff|desktop\u00bb scroll_blur_tablet=\u00bb\u00bb scroll_blur_phone=\u00bb\u00bb scroll_blur_last_edited=\u00bbon|phone\u00bb global_module=\u00bb19256&#8243; saved_tabs=\u00bball\u00bb locked=\u00bboff\u00bb global_colors_info=\u00bb{}\u00bb disabled_on=\u00bbon|off|off\u00bb sticky_enabled=\u00bb0&#8243;]<\/p>\n<p>Actualmente la empresa centra su negocio nuclear en la primera parte del ciclo combustible que comercializa tanto a nivel nacional como internacional.<\/p>\n<p>[\/et_pb_text][\/et_pb_column][et_pb_column type=\u00bb2_5&#8243; _builder_version=\u00bb4.9.4&#8243; _module_preset=\u00bbdefault\u00bb][\/et_pb_column][\/et_pb_row][\/et_pb_section][et_pb_section fb_built=\u00bb1&#8243; admin_label=\u00bbBreadcrumps\u00bb module_id=\u00bb#top\u00bb _builder_version=\u00bb4.9.4&#8243; _module_preset=\u00bbdefault\u00bb background_enable_color=\u00bboff\u00bb custom_margin=\u00bb0px||0px||true|false\u00bb custom_padding=\u00bb0px||0px||true|false\u00bb global_module=\u00bb18561&#8243; saved_tabs=\u00bball\u00bb][et_pb_row make_equal=\u00bbon\u00bb _builder_version=\u00bb4.9.4&#8243; _module_preset=\u00bbdefault\u00bb custom_margin=\u00bb||||true|true\u00bb custom_padding=\u00bb||||true|true\u00bb global_colors_info=\u00bb{}\u00bb][et_pb_column type=\u00bb4_4&#8243; _builder_version=\u00bb4.9.4&#8243; _module_preset=\u00bbdefault\u00bb][lwp_divi_breadcrumbs home_text=\u00bbInicio\u00bb link_color=\u00bb#F2C75C\u00bb separator_color=\u00bb#202020&#8243; current_text_color=\u00bb#202020&#8243; _builder_version=\u00bb4.9.4&#8243; _module_preset=\u00bbdefault\u00bb custom_margin=\u00bb0px||0px||true|true\u00bb custom_padding=\u00bb||||true|true\u00bb][\/lwp_divi_breadcrumbs][\/et_pb_column][\/et_pb_row][\/et_pb_section][et_pb_section fb_built=\u00bb1&#8243; admin_label=\u00bbbloque1&#8243; module_id=\u00bbnegocioBloque1&#8243; module_class=\u00bbnegocioBloque\u00bb _builder_version=\u00bb4.9.4&#8243; _module_preset=\u00bbdefault\u00bb background_enable_color=\u00bboff\u00bb custom_margin=\u00bb0px||0px||true|false\u00bb custom_padding=\u00bb0px||0px||true|false\u00bb locked=\u00bboff\u00bb][et_pb_row column_structure=\u00bb3_5,2_5&#8243; make_equal=\u00bbon\u00bb _builder_version=\u00bb4.9.4&#8243; _module_preset=\u00bbdefault\u00bb][et_pb_column type=\u00bb3_5&#8243; _builder_version=\u00bb4.9.4&#8243; _module_preset=\u00bbdefault\u00bb][et_pb_text content_last_edited=\u00bboff|desktop\u00bb admin_label=\u00bbTexto\u00bb _builder_version=\u00bb4.9.4&#8243; _module_preset=\u00bbdefault\u00bb text_font_size=\u00bb1em\u00bb header_font_size=\u00bb4em\u00bb header_line_height=\u00bb2em\u00bb header_2_font_size=\u00bb3em\u00bb header_2_line_height=\u00bb1.8em\u00bb header_3_font_size=\u00bb2.2em\u00bb header_3_line_height=\u00bb1.6em\u00bb header_4_font_size=\u00bb1.6em\u00bb header_4_line_height=\u00bb1.4em\u00bb header_5_font_size=\u00bb1.2em\u00bb header_5_line_height=\u00bb1.2em\u00bb header_6_font_size=\u00bb1em\u00bb hover_enabled=\u00bb0&#8243; text_font_size_tablet=\u00bb1.1em\u00bb text_font_size_phone=\u00bb1.2em\u00bb text_font_size_last_edited=\u00bboff|desktop\u00bb header_font_size_tablet=\u00bb1.9em\u00bb header_font_size_phone=\u00bb2em\u00bb header_font_size_last_edited=\u00bboff|desktop\u00bb header_2_font_size_tablet=\u00bb1.7em\u00bb header_2_font_size_phone=\u00bb1.8em\u00bb header_2_font_size_last_edited=\u00bboff|desktop\u00bb header_3_font_size_tablet=\u00bb1.5em\u00bb header_3_font_size_phone=\u00bb1.6em\u00bb header_3_font_size_last_edited=\u00bboff|desktop\u00bb header_4_font_size_tablet=\u00bb1.3em\u00bb header_4_font_size_phone=\u00bb1.4em\u00bb header_4_font_size_last_edited=\u00bboff|desktop\u00bb header_5_font_size_tablet=\u00bb1.1em\u00bb header_5_font_size_phone=\u00bb1.2em\u00bb header_5_font_size_last_edited=\u00bboff|desktop\u00bb header_6_font_size_tablet=\u00bb1em\u00bb header_6_font_size_phone=\u00bb1.1em\u00bb header_6_font_size_last_edited=\u00bboff|desktop\u00bb global_module=\u00bb19256&#8243; saved_tabs=\u00bball\u00bb locked=\u00bboff\u00bb global_colors_info=\u00bb{}\u00bb sticky_enabled=\u00bb0&#8243; border_width_bottom=\u00bb4px\u00bb border_color_bottom=\u00bb#F2C75C\u00bb]<\/p>\n<h3>ETSA<\/h3>\n<p>[\/et_pb_text][et_pb_text content_last_edited=\u00bboff|desktop\u00bb admin_label=\u00bbTexto\u00bb _builder_version=\u00bb4.9.4&#8243; _module_preset=\u00bbdefault\u00bb text_font_size=\u00bb1em\u00bb header_font_size=\u00bb4em\u00bb header_line_height=\u00bb2em\u00bb header_2_font_size=\u00bb3em\u00bb header_2_line_height=\u00bb1.8em\u00bb header_3_font_size=\u00bb2.2em\u00bb header_3_line_height=\u00bb1.6em\u00bb header_4_font_size=\u00bb1.6em\u00bb header_4_line_height=\u00bb1.4em\u00bb header_5_font_size=\u00bb1.2em\u00bb header_5_line_height=\u00bb1.2em\u00bb header_6_font_size=\u00bb1em\u00bb hover_enabled=\u00bb0&#8243; text_font_size_tablet=\u00bb1.1em\u00bb text_font_size_phone=\u00bb1.2em\u00bb text_font_size_last_edited=\u00bboff|desktop\u00bb header_font_size_tablet=\u00bb1.9em\u00bb header_font_size_phone=\u00bb2em\u00bb header_font_size_last_edited=\u00bboff|desktop\u00bb header_2_font_size_tablet=\u00bb1.7em\u00bb header_2_font_size_phone=\u00bb1.8em\u00bb header_2_font_size_last_edited=\u00bboff|desktop\u00bb header_3_font_size_tablet=\u00bb1.5em\u00bb header_3_font_size_phone=\u00bb1.6em\u00bb header_3_font_size_last_edited=\u00bboff|desktop\u00bb header_4_font_size_tablet=\u00bb1.3em\u00bb header_4_font_size_phone=\u00bb1.4em\u00bb header_4_font_size_last_edited=\u00bboff|desktop\u00bb header_5_font_size_tablet=\u00bb1.1em\u00bb header_5_font_size_phone=\u00bb1.2em\u00bb header_5_font_size_last_edited=\u00bboff|desktop\u00bb header_6_font_size_tablet=\u00bb1em\u00bb header_6_font_size_phone=\u00bb1.1em\u00bb header_6_font_size_last_edited=\u00bboff|desktop\u00bb global_module=\u00bb19256&#8243; saved_tabs=\u00bball\u00bb locked=\u00bboff\u00bb global_colors_info=\u00bb{}\u00bb sticky_enabled=\u00bb0&#8243; border_color_bottom=\u00bb#F2C75C\u00bb]<\/p>\n<blockquote>\n<h5>Eficiencia y seguridad<\/h5>\n<\/blockquote>\n<p>[\/et_pb_text][et_pb_text content_last_edited=\u00bboff|desktop\u00bb admin_label=\u00bbTexto\u00bb _builder_version=\u00bb4.9.4&#8243; _module_preset=\u00bbdefault\u00bb text_font_size=\u00bb1em\u00bb header_font_size=\u00bb4em\u00bb header_line_height=\u00bb2em\u00bb header_2_font_size=\u00bb3em\u00bb header_2_line_height=\u00bb1.8em\u00bb header_3_font_size=\u00bb2.2em\u00bb header_3_line_height=\u00bb1.6em\u00bb header_4_font_size=\u00bb1.6em\u00bb header_4_line_height=\u00bb1.4em\u00bb header_5_font_size=\u00bb1.2em\u00bb header_5_line_height=\u00bb1.2em\u00bb header_6_font_size=\u00bb1em\u00bb hover_enabled=\u00bb0&#8243; text_font_size_tablet=\u00bb1.1em\u00bb text_font_size_phone=\u00bb1.2em\u00bb text_font_size_last_edited=\u00bboff|desktop\u00bb header_font_size_tablet=\u00bb1.9em\u00bb header_font_size_phone=\u00bb2em\u00bb header_font_size_last_edited=\u00bboff|desktop\u00bb header_2_font_size_tablet=\u00bb1.7em\u00bb header_2_font_size_phone=\u00bb1.8em\u00bb header_2_font_size_last_edited=\u00bboff|desktop\u00bb header_3_font_size_tablet=\u00bb1.5em\u00bb header_3_font_size_phone=\u00bb1.6em\u00bb header_3_font_size_last_edited=\u00bboff|desktop\u00bb header_4_font_size_tablet=\u00bb1.3em\u00bb header_4_font_size_phone=\u00bb1.4em\u00bb header_4_font_size_last_edited=\u00bboff|desktop\u00bb header_5_font_size_tablet=\u00bb1.1em\u00bb header_5_font_size_phone=\u00bb1.2em\u00bb header_5_font_size_last_edited=\u00bboff|desktop\u00bb header_6_font_size_tablet=\u00bb1em\u00bb header_6_font_size_phone=\u00bb1.1em\u00bb header_6_font_size_last_edited=\u00bboff|desktop\u00bb global_module=\u00bb19256&#8243; saved_tabs=\u00bball\u00bb locked=\u00bboff\u00bb global_colors_info=\u00bb{}\u00bb sticky_enabled=\u00bb0&#8243; border_color_bottom=\u00bb#F2C75C\u00bb]<\/p>\n<p>ETSA Global Logistics, S.A.U., S.M.E., filial del Grupo ENUSA se cre\u00f3 en 1996. Es un operador de transporte global y multimodal (terrestre, mar\u00edtimo y a\u00e9reo) de mercanc\u00edas peligrosas de todas las clases, con especializaci\u00f3n en radiactivas y nucleares. Tambi\u00e9n transporta productos qu\u00edmicos, biocarburantes, residuos peligrosos y no peligrosos.<\/p>\n<p>[\/et_pb_text][et_pb_button button_url=\u00bbhttps:\/\/www.etsa.es\/\u00bb button_text=\u00bbIr a ETSA\u00bb admin_label=\u00bbBot\u00f3n\u00bb _builder_version=\u00bb4.9.4&#8243; _dynamic_attributes=\u00bbbutton_url\u00bb _module_preset=\u00bbdefault\u00bb custom_button=\u00bbon\u00bb button_text_size=\u00bb1em\u00bb button_icon=\u00bb%%24%%\u00bb custom_margin=\u00bb||||true|true\u00bb custom_padding=\u00bb1vh||1vh||true|true\u00bb button_text_size_tablet=\u00bb1.1em\u00bb button_text_size_phone=\u00bb1.2em\u00bb button_text_size_last_edited=\u00bbon|desktop\u00bb button_border_width_tablet=\u00bb\u00bb button_border_width_phone=\u00bb1px\u00bb button_border_width_last_edited=\u00bbon|desktop\u00bb global_module=\u00bb18766&#8243; saved_tabs=\u00bball\u00bb locked=\u00bboff\u00bb][\/et_pb_button][\/et_pb_column][et_pb_column type=\u00bb2_5&#8243; _builder_version=\u00bb4.9.4&#8243; _module_preset=\u00bbdefault\u00bb custom_padding=\u00bb0px|0px|0px|0px|true|true\u00bb custom_css_main_element=\u00bbheight:100%!important;||padding:0;||margin:0;\u00bb][et_pb_image src=\u00bbhttps:\/\/www.enusa.es\/wp-content\/uploads\/2024\/02\/cisternas-nuevo-logo-etsa-7_optimizda.jpg\u00bb title_text=\u00bbcisternas-nuevo-logo-etsa-7_optimizda\u00bb show_bottom_space=\u00bboff\u00bb module_class=\u00bbimagenAltoCompleto\u00bb _builder_version=\u00bb4.9.4&#8243; _module_preset=\u00bbdefault\u00bb][\/et_pb_image][et_pb_code _builder_version=\u00bb4.9.4&#8243; _module_preset=\u00bbdefault\u00bb]<\/p>\n<style><!-- [et_pb_line_break_holder] -->    .imagenAltoCompleto{<!-- [et_pb_line_break_holder] -->    height:100%!important;<!-- [et_pb_line_break_holder] -->      padding:0;<!-- [et_pb_line_break_holder] -->      margin:0;<!-- [et_pb_line_break_holder] -->  }<!-- [et_pb_line_break_holder] -->  .imagenAltoCompleto img{<!-- [et_pb_line_break_holder] -->    object-fit:cover;<!-- [et_pb_line_break_holder] -->    height:100%!important;<!-- [et_pb_line_break_holder] -->     padding:0;<!-- [et_pb_line_break_holder] -->      margin:0;<!-- [et_pb_line_break_holder] -->  }<!-- [et_pb_line_break_holder] --><\/style>\n<p>[\/et_pb_code][\/et_pb_column][\/et_pb_row][et_pb_row _builder_version=\u00bb4.9.4&#8243; _module_preset=\u00bbdefault\u00bb][et_pb_column type=\u00bb4_4&#8243; _builder_version=\u00bb4.9.4&#8243; _module_preset=\u00bbdefault\u00bb][\/et_pb_column][\/et_pb_row][\/et_pb_section]<\/p>\n","protected":false},"excerpt":{"rendered":"<p>Negocio log\u00edsticoActualmente la empresa centra su negocio nuclear en la primera parte del ciclo combustible que comercializa tanto a nivel nacional como internacional.<div class=\"et_pb_module lwp_divi_breadcrumbs lwp_divi_breadcrumbs_0\">\n\t\t\t\t\n\t\t\t\t\n\t\t\t\t\n\t\t\t\t\n\t\t\t\t\n\t\t\t\t\n\t\t\t\t<div class=\"et_pb_module_inner\">\n\t\t\t\t\t<div class=\"lwp-breadcrumbs\"> <span class=\"before\"><\/span> <span vocab=\"https:\/\/schema.org\/\" typeof=\"BreadcrumbList\"><span property=\"itemListElement\" typeof=\"ListItem\"><a property=\"item\" typeof=\"WebPage\" href=\"https:\/\/www.enusa.es\/en\/\" class=\"home\"><span property=\"name\">Inicio<\/span><\/a><meta property=\"position\" content=\"1\"><\/span> <span class=\"separator et-pb-icon\">&#x39;<\/span> <\/span><\/div>\n\t\t\t\t<\/div>\n\t\t\t<\/div>ETSA Eficiencia y seguridad ETSA Global Logistics, S.A.U., S.M.E., filial del Grupo ENUSA se cre\u00f3 en 1996. Es un operador de transporte global y multimodal [&hellip;]<\/p>\n","protected":false},"author":1,"featured_media":0,"parent":58,"menu_order":0,"comment_status":"closed","ping_status":"closed","template":"","meta":{"_et_pb_use_builder":"on","_et_pb_old_content":"","_et_gb_content_width":"","footnotes":""},"class_list":["post-827","page","type-page","status-publish","hentry"],"yoast_head":"<!-- This site is optimized with the Yoast SEO plugin v26.9 - https:\/\/yoast.com\/product\/yoast-seo-wordpress\/ -->\n<title>Log\u00edstico - ENUSA | A company for the future<\/title>\n<meta name=\"robots\" content=\"index, follow, max-snippet:-1, max-image-preview:large, max-video-preview:-1\" \/>\n<link rel=\"canonical\" href=\"https:\/\/www.enusa.es\/en\/que-hacemos\/logistico\/\" \/>\n<meta property=\"og:locale\" content=\"en_GB\" \/>\n<meta property=\"og:type\" content=\"article\" \/>\n<meta property=\"og:title\" content=\"Log\u00edstico - ENUSA | A company for the future\" \/>\n<meta property=\"og:description\" content=\"Negocio log\u00edsticoActualmente la empresa centra su negocio nuclear en la primera parte del ciclo combustible que comercializa tanto a nivel nacional como internacional.ETSA Eficiencia y seguridad ETSA Global Logistics, S.A.U., S.M.E., filial del Grupo ENUSA se cre\u00f3 en 1996. Es un operador de transporte global y multimodal [&hellip;]\" \/>\n<meta property=\"og:url\" content=\"https:\/\/www.enusa.es\/en\/que-hacemos\/logistico\/\" \/>\n<meta property=\"og:site_name\" content=\"ENUSA | A company for the future\" \/>\n<meta property=\"article:modified_time\" content=\"2024-02-20T13:33:08+00:00\" \/>\n<meta name=\"twitter:card\" content=\"summary_large_image\" \/>\n<script type=\"application\/ld+json\" class=\"yoast-schema-graph\">{\"@context\":\"https:\/\/schema.org\",\"@graph\":[{\"@type\":\"WebPage\",\"@id\":\"https:\/\/www.enusa.es\/que-hacemos\/logistico\/\",\"url\":\"https:\/\/www.enusa.es\/que-hacemos\/logistico\/\",\"name\":\"Log\u00edstico - ENUSA | A company for the future\",\"isPartOf\":{\"@id\":\"https:\/\/www.enusa.es\/#website\"},\"datePublished\":\"2023-12-18T11:25:23+00:00\",\"dateModified\":\"2024-02-20T13:33:08+00:00\",\"breadcrumb\":{\"@id\":\"https:\/\/www.enusa.es\/que-hacemos\/logistico\/#breadcrumb\"},\"inLanguage\":\"en-GB\",\"potentialAction\":[{\"@type\":\"ReadAction\",\"target\":[\"https:\/\/www.enusa.es\/que-hacemos\/logistico\/\"]}]},{\"@type\":\"BreadcrumbList\",\"@id\":\"https:\/\/www.enusa.es\/que-hacemos\/logistico\/#breadcrumb\",\"itemListElement\":[{\"@type\":\"ListItem\",\"position\":1,\"name\":\"Portada\",\"item\":\"https:\/\/www.enusa.es\/\"},{\"@type\":\"ListItem\",\"position\":2,\"name\":\"Qu\u00e9 hacemos\",\"item\":\"https:\/\/www.enusa.es\/que-hacemos\/\"},{\"@type\":\"ListItem\",\"position\":3,\"name\":\"Log\u00edstico\"}]},{\"@type\":\"WebSite\",\"@id\":\"https:\/\/www.enusa.es\/#website\",\"url\":\"https:\/\/www.enusa.es\/\",\"name\":\"ENUSA | A company for the future\",\"description\":\"Nuestro prop\u00f3sito es desarrollar soluciones innovadoras nucleares y medioambientales, contribuyendo al progreso sostenible de la sociedad\",\"potentialAction\":[{\"@type\":\"SearchAction\",\"target\":{\"@type\":\"EntryPoint\",\"urlTemplate\":\"https:\/\/www.enusa.es\/?s={search_term_string}\"},\"query-input\":{\"@type\":\"PropertyValueSpecification\",\"valueRequired\":true,\"valueName\":\"search_term_string\"}}],\"inLanguage\":\"en-GB\"}]}<\/script>\n<!-- \/ Yoast SEO plugin. -->","yoast_head_json":{"title":"Log\u00edstico - ENUSA | A company for the future","robots":{"index":"index","follow":"follow","max-snippet":"max-snippet:-1","max-image-preview":"max-image-preview:large","max-video-preview":"max-video-preview:-1"},"canonical":"https:\/\/www.enusa.es\/en\/que-hacemos\/logistico\/","og_locale":"en_GB","og_type":"article","og_title":"Log\u00edstico - ENUSA | A company for the future","og_description":"Negocio log\u00edsticoActualmente la empresa centra su negocio nuclear en la primera parte del ciclo combustible que comercializa tanto a nivel nacional como internacional.ETSA Eficiencia y seguridad ETSA Global Logistics, S.A.U., S.M.E., filial del Grupo ENUSA se cre\u00f3 en 1996. Es un operador de transporte global y multimodal [&hellip;]","og_url":"https:\/\/www.enusa.es\/en\/que-hacemos\/logistico\/","og_site_name":"ENUSA | A company for the future","article_modified_time":"2024-02-20T13:33:08+00:00","twitter_card":"summary_large_image","schema":{"@context":"https:\/\/schema.org","@graph":[{"@type":"WebPage","@id":"https:\/\/www.enusa.es\/que-hacemos\/logistico\/","url":"https:\/\/www.enusa.es\/que-hacemos\/logistico\/","name":"Log\u00edstico - ENUSA | A company for the future","isPartOf":{"@id":"https:\/\/www.enusa.es\/#website"},"datePublished":"2023-12-18T11:25:23+00:00","dateModified":"2024-02-20T13:33:08+00:00","breadcrumb":{"@id":"https:\/\/www.enusa.es\/que-hacemos\/logistico\/#breadcrumb"},"inLanguage":"en-GB","potentialAction":[{"@type":"ReadAction","target":["https:\/\/www.enusa.es\/que-hacemos\/logistico\/"]}]},{"@type":"BreadcrumbList","@id":"https:\/\/www.enusa.es\/que-hacemos\/logistico\/#breadcrumb","itemListElement":[{"@type":"ListItem","position":1,"name":"Portada","item":"https:\/\/www.enusa.es\/"},{"@type":"ListItem","position":2,"name":"Qu\u00e9 hacemos","item":"https:\/\/www.enusa.es\/que-hacemos\/"},{"@type":"ListItem","position":3,"name":"Log\u00edstico"}]},{"@type":"WebSite","@id":"https:\/\/www.enusa.es\/#website","url":"https:\/\/www.enusa.es\/","name":"ENUSA | A company for the future","description":"Nuestro prop\u00f3sito es desarrollar soluciones innovadoras nucleares y medioambientales, contribuyendo al progreso sostenible de la sociedad","potentialAction":[{"@type":"SearchAction","target":{"@type":"EntryPoint","urlTemplate":"https:\/\/www.enusa.es\/?s={search_term_string}"},"query-input":{"@type":"PropertyValueSpecification","valueRequired":true,"valueName":"search_term_string"}}],"inLanguage":"en-GB"}]}},"_links":{"self":[{"href":"https:\/\/www.enusa.es\/en\/wp-json\/wp\/v2\/pages\/827","targetHints":{"allow":["GET"]}}],"collection":[{"href":"https:\/\/www.enusa.es\/en\/wp-json\/wp\/v2\/pages"}],"about":[{"href":"https:\/\/www.enusa.es\/en\/wp-json\/wp\/v2\/types\/page"}],"author":[{"embeddable":true,"href":"https:\/\/www.enusa.es\/en\/wp-json\/wp\/v2\/users\/1"}],"replies":[{"embeddable":true,"href":"https:\/\/www.enusa.es\/en\/wp-json\/wp\/v2\/comments?post=827"}],"version-history":[{"count":20,"href":"https:\/\/www.enusa.es\/en\/wp-json\/wp\/v2\/pages\/827\/revisions"}],"predecessor-version":[{"id":21343,"href":"https:\/\/www.enusa.es\/en\/wp-json\/wp\/v2\/pages\/827\/revisions\/21343"}],"up":[{"embeddable":true,"href":"https:\/\/www.enusa.es\/en\/wp-json\/wp\/v2\/pages\/58"}],"wp:attachment":[{"href":"https:\/\/www.enusa.es\/en\/wp-json\/wp\/v2\/media?parent=827"}],"curies":[{"name":"wp","href":"https:\/\/api.w.org\/{rel}","templated":true}]}}