{"id":948,"date":"2023-12-20T14:22:43","date_gmt":"2023-12-20T13:22:43","guid":{"rendered":"https:\/\/www.enusa.es\/?page_id=948"},"modified":"2024-02-08T13:15:03","modified_gmt":"2024-02-08T12:15:03","slug":"sepi","status":"publish","type":"page","link":"https:\/\/www.enusa.es\/en\/sepi\/","title":{"rendered":"SEPI"},"content":{"rendered":"<p>[et_pb_section fb_built=\u00bb1&#8243; admin_label=\u00bbHero\u00bb _builder_version=\u00bb4.9.4&#8243; _module_preset=\u00bbdefault\u00bb background_enable_color=\u00bboff\u00bb use_background_color_gradient=\u00bbon\u00bb background_color_gradient_start=\u00bbrgba(0,53,148,0.51)\u00bb background_color_gradient_end=\u00bbrgba(0,27,76,0.51)\u00bb background_image=\u00bbhttps:\/\/www.enusa.es\/wp-content\/uploads\/2024\/01\/sobre_sepi_pagina.jpg\u00bb background_blend=\u00bbmultiply\u00bb module_alignment=\u00bbleft\u00bb height=\u00bb60vh\u00bb height_tablet=\u00bb52vh\u00bb height_phone=\u00bb44vh\u00bb height_last_edited=\u00bbon|tablet\u00bb custom_padding=\u00bb16vh||||false|false\u00bb scroll_vertical_motion=\u00bb0|50|50|100|-4|0|0&#8243; scroll_fade=\u00bb0|99|99|100|100%|100|0%\u00bb scroll_blur=\u00bb0|40|90|100|10px|0px|10px\u00bb hover_enabled=\u00bb0&#8243; custom_css_main_element=\u00bbdisplay:flex;||flex-direction:column;||flex-wrap:nowrap;||justify-content:center;\u00bb locked=\u00bboff\u00bb title_text=\u00bbsobre_sepi_pagina\u00bb sticky_enabled=\u00bb0&#8243;][et_pb_row column_structure=\u00bb3_5,2_5&#8243; _builder_version=\u00bb4.9.4&#8243; _module_preset=\u00bbdefault\u00bb custom_margin=\u00bb||||true|true\u00bb custom_padding=\u00bb||||true|true\u00bb global_colors_info=\u00bb{}\u00bb][et_pb_column type=\u00bb3_5&#8243; _builder_version=\u00bb4.9.4&#8243; _module_preset=\u00bbdefault\u00bb][et_pb_text admin_label=\u00bbTexto\u00bb _builder_version=\u00bb4.9.4&#8243; _module_preset=\u00bbdefault\u00bb text_font_size=\u00bb1em\u00bb header_font_size=\u00bb4em\u00bb header_line_height=\u00bb2em\u00bb header_2_font_size=\u00bb3em\u00bb header_2_line_height=\u00bb1.8em\u00bb header_3_font_size=\u00bb2.2em\u00bb header_3_line_height=\u00bb1.6em\u00bb header_4_font_size=\u00bb1.6em\u00bb header_4_line_height=\u00bb1.4em\u00bb header_5_font_size=\u00bb1.2em\u00bb header_5_line_height=\u00bb1.2em\u00bb header_6_font_size=\u00bb1em\u00bb hover_enabled=\u00bb0&#8243; text_font_size_tablet=\u00bb1.1em\u00bb text_font_size_phone=\u00bb1.2em\u00bb text_font_size_last_edited=\u00bboff|desktop\u00bb header_font_size_tablet=\u00bb1.9em\u00bb header_font_size_phone=\u00bb2em\u00bb header_font_size_last_edited=\u00bboff|desktop\u00bb header_2_font_size_tablet=\u00bb1.7em\u00bb header_2_font_size_phone=\u00bb1.8em\u00bb header_2_font_size_last_edited=\u00bboff|desktop\u00bb header_3_font_size_tablet=\u00bb1.5em\u00bb header_3_font_size_phone=\u00bb1.6em\u00bb header_3_font_size_last_edited=\u00bboff|desktop\u00bb header_4_font_size_tablet=\u00bb1.3em\u00bb header_4_font_size_phone=\u00bb1.4em\u00bb header_4_font_size_last_edited=\u00bboff|desktop\u00bb header_5_font_size_tablet=\u00bb1.1em\u00bb header_5_font_size_phone=\u00bb1.2em\u00bb header_5_font_size_last_edited=\u00bboff|desktop\u00bb header_6_font_size_tablet=\u00bb1em\u00bb header_6_font_size_phone=\u00bb1.1em\u00bb header_6_font_size_last_edited=\u00bboff|desktop\u00bb saved_tabs=\u00bball\u00bb global_colors_info=\u00bb{}\u00bb global_module=\u00bb19256&#8243; sticky_enabled=\u00bb0&#8243; background_layout=\u00bbdark\u00bb scroll_blur_enable=\u00bbon\u00bb scroll_blur=\u00bb0|40|80|100|0px|0px|10px\u00bb scroll_blur_tablet=\u00bb\u00bb scroll_blur_phone=\u00bb0|40|84|100|0px|0px|10px\u00bb scroll_blur_last_edited=\u00bbon|phone\u00bb]<\/p>\n<h2>Grupo SEPI<\/h2>\n<p>[\/et_pb_text][\/et_pb_column][et_pb_column type=\u00bb2_5&#8243; _builder_version=\u00bb4.9.4&#8243; _module_preset=\u00bbdefault\u00bb][\/et_pb_column][\/et_pb_row][\/et_pb_section][et_pb_section fb_built=\u00bb1&#8243; admin_label=\u00bbBreadcrumps\u00bb module_id=\u00bb#top\u00bb _builder_version=\u00bb4.9.4&#8243; _module_preset=\u00bbdefault\u00bb background_enable_color=\u00bboff\u00bb custom_margin=\u00bb0px||0px||true|false\u00bb custom_padding=\u00bb0px||0px||true|false\u00bb global_module=\u00bb18561&#8243; saved_tabs=\u00bball\u00bb][et_pb_row make_equal=\u00bbon\u00bb _builder_version=\u00bb4.9.4&#8243; _module_preset=\u00bbdefault\u00bb custom_margin=\u00bb||||true|true\u00bb custom_padding=\u00bb||||true|true\u00bb global_colors_info=\u00bb{}\u00bb][et_pb_column type=\u00bb4_4&#8243; _builder_version=\u00bb4.9.4&#8243; _module_preset=\u00bbdefault\u00bb][lwp_divi_breadcrumbs home_text=\u00bbInicio\u00bb link_color=\u00bb#F2C75C\u00bb separator_color=\u00bb#202020&#8243; current_text_color=\u00bb#202020&#8243; _builder_version=\u00bb4.9.4&#8243; _module_preset=\u00bbdefault\u00bb custom_margin=\u00bb0px||0px||true|true\u00bb custom_padding=\u00bb||||true|true\u00bb][\/lwp_divi_breadcrumbs][\/et_pb_column][\/et_pb_row][\/et_pb_section][et_pb_section fb_built=\u00bb1&#8243; _builder_version=\u00bb4.9.4&#8243; _module_preset=\u00bbdefault\u00bb][et_pb_row column_structure=\u00bb3_5,2_5&#8243; _builder_version=\u00bb4.9.4&#8243; _module_preset=\u00bbdefault\u00bb width=\u00bb90%\u00bb][et_pb_column type=\u00bb3_5&#8243; _builder_version=\u00bb4.9.4&#8243; _module_preset=\u00bbdefault\u00bb][et_pb_text admin_label=\u00bbTexto\u00bb _builder_version=\u00bb4.9.4&#8243; _module_preset=\u00bbdefault\u00bb text_font_size=\u00bb1em\u00bb header_font_size=\u00bb4em\u00bb header_line_height=\u00bb2em\u00bb header_2_font_size=\u00bb3em\u00bb header_2_line_height=\u00bb1.8em\u00bb header_3_font_size=\u00bb2.2em\u00bb header_3_line_height=\u00bb1.6em\u00bb header_4_font_size=\u00bb1.6em\u00bb header_4_line_height=\u00bb1.4em\u00bb header_5_font_size=\u00bb1.2em\u00bb header_5_line_height=\u00bb1.2em\u00bb header_6_font_size=\u00bb1em\u00bb hover_enabled=\u00bb0&#8243; text_font_size_tablet=\u00bb1.1em\u00bb text_font_size_phone=\u00bb1.2em\u00bb text_font_size_last_edited=\u00bboff|desktop\u00bb header_font_size_tablet=\u00bb1.9em\u00bb header_font_size_phone=\u00bb2em\u00bb header_font_size_last_edited=\u00bboff|desktop\u00bb header_2_font_size_tablet=\u00bb1.7em\u00bb header_2_font_size_phone=\u00bb1.8em\u00bb header_2_font_size_last_edited=\u00bboff|desktop\u00bb header_3_font_size_tablet=\u00bb1.5em\u00bb header_3_font_size_phone=\u00bb1.6em\u00bb header_3_font_size_last_edited=\u00bboff|desktop\u00bb header_4_font_size_tablet=\u00bb1.3em\u00bb header_4_font_size_phone=\u00bb1.4em\u00bb header_4_font_size_last_edited=\u00bboff|desktop\u00bb header_5_font_size_tablet=\u00bb1.1em\u00bb header_5_font_size_phone=\u00bb1.2em\u00bb header_5_font_size_last_edited=\u00bboff|desktop\u00bb header_6_font_size_tablet=\u00bb1em\u00bb header_6_font_size_phone=\u00bb1.1em\u00bb header_6_font_size_last_edited=\u00bboff|desktop\u00bb saved_tabs=\u00bball\u00bb global_colors_info=\u00bb{}\u00bb global_module=\u00bb19256&#8243; sticky_enabled=\u00bb0&#8243;]<\/p>\n<p>El Grupo SEPI est\u00e1 compuesto por un conjunto de empresas p\u00fablicas muy diversificado por sus objetos sociales: miner\u00eda, construcci\u00f3n naval, comunicaci\u00f3n, distribuci\u00f3n alimentaria, gesti\u00f3n de infraestructuras, tabaco, promoci\u00f3n empresarial, transformaci\u00f3n agraria y medioambiente, ocio, nuclear y servicios varios.<\/p>\n<p>Asimismo, el Grupo SEPI tiene competencias sobre la Corporaci\u00f3n Radio Televisi\u00f3n Espa\u00f1ola (RTVE), tutela una fundaci\u00f3n p\u00fablica y tiene participaciones directas minoritarias en otras empresas, e indirectas en m\u00e1s de cien sociedades.<\/p>\n<p>[\/et_pb_text][\/et_pb_column][et_pb_column type=\u00bb2_5&#8243; _builder_version=\u00bb4.9.4&#8243; _module_preset=\u00bbdefault\u00bb][et_pb_image src=\u00bbhttps:\/\/www.enusa.es\/wp-content\/uploads\/2023\/12\/sepi_logo.jpg\u00bb title_text=\u00bbsepi_logo\u00bb _builder_version=\u00bb4.9.4&#8243; _module_preset=\u00bbdefault\u00bb][\/et_pb_image][\/et_pb_column][\/et_pb_row][et_pb_row _builder_version=\u00bb4.9.4&#8243; _module_preset=\u00bbdefault\u00bb width=\u00bb90%\u00bb][et_pb_column type=\u00bb4_4&#8243; _builder_version=\u00bb4.9.4&#8243; _module_preset=\u00bbdefault\u00bb][et_pb_button admin_label=\u00bbBot\u00f3n\u00bb _builder_version=\u00bb4.9.4&#8243; _dynamic_attributes=\u00bbbutton_url\u00bb _module_preset=\u00bbdefault\u00bb custom_button=\u00bbon\u00bb button_text_size=\u00bb1em\u00bb button_icon=\u00bb%%24%%\u00bb custom_margin=\u00bb||||true|true\u00bb custom_padding=\u00bb1vh||1vh||true|true\u00bb hover_enabled=\u00bb0&#8243; button_text_size_tablet=\u00bb1.1em\u00bb button_text_size_phone=\u00bb1.2em\u00bb button_text_size_last_edited=\u00bbon|desktop\u00bb button_border_width_tablet=\u00bb\u00bb button_border_width_phone=\u00bb1px\u00bb button_border_width_last_edited=\u00bbon|desktop\u00bb saved_tabs=\u00bball\u00bb locked=\u00bboff\u00bb global_module=\u00bb18766&#8243; button_text=\u00bbIr a Grupo SEPI\u00bb url_new_window=\u00bbon\u00bb button_url=\u00bbhttps:\/\/www.sepi.es\/es\u00bb sticky_enabled=\u00bb0&#8243;][\/et_pb_button][\/et_pb_column][\/et_pb_row][et_pb_row column_structure=\u00bb1_2,1_2&#8243; _builder_version=\u00bb4.9.4&#8243; _module_preset=\u00bbdefault\u00bb width=\u00bb90%\u00bb][et_pb_column type=\u00bb1_2&#8243; _builder_version=\u00bb4.9.4&#8243; _module_preset=\u00bbdefault\u00bb][et_pb_text admin_label=\u00bbTexto\u00bb _builder_version=\u00bb4.9.4&#8243; _module_preset=\u00bbdefault\u00bb text_font_size=\u00bb1em\u00bb header_font_size=\u00bb4em\u00bb header_line_height=\u00bb2em\u00bb header_2_font_size=\u00bb3em\u00bb header_2_line_height=\u00bb1.8em\u00bb header_3_font_size=\u00bb2.2em\u00bb header_3_line_height=\u00bb1.6em\u00bb header_4_font_size=\u00bb1.6em\u00bb header_4_line_height=\u00bb1.4em\u00bb header_5_font_size=\u00bb1.2em\u00bb header_5_line_height=\u00bb1.2em\u00bb header_6_font_size=\u00bb1em\u00bb hover_enabled=\u00bb0&#8243; text_font_size_tablet=\u00bb1.1em\u00bb text_font_size_phone=\u00bb1.2em\u00bb text_font_size_last_edited=\u00bboff|desktop\u00bb header_font_size_tablet=\u00bb1.9em\u00bb header_font_size_phone=\u00bb2em\u00bb header_font_size_last_edited=\u00bboff|desktop\u00bb header_2_font_size_tablet=\u00bb1.7em\u00bb header_2_font_size_phone=\u00bb1.8em\u00bb header_2_font_size_last_edited=\u00bboff|desktop\u00bb header_3_font_size_tablet=\u00bb1.5em\u00bb header_3_font_size_phone=\u00bb1.6em\u00bb header_3_font_size_last_edited=\u00bboff|desktop\u00bb header_4_font_size_tablet=\u00bb1.3em\u00bb header_4_font_size_phone=\u00bb1.4em\u00bb header_4_font_size_last_edited=\u00bboff|desktop\u00bb header_5_font_size_tablet=\u00bb1.1em\u00bb header_5_font_size_phone=\u00bb1.2em\u00bb header_5_font_size_last_edited=\u00bboff|desktop\u00bb header_6_font_size_tablet=\u00bb1em\u00bb header_6_font_size_phone=\u00bb1.1em\u00bb header_6_font_size_last_edited=\u00bboff|desktop\u00bb saved_tabs=\u00bball\u00bb global_colors_info=\u00bb{}\u00bb global_module=\u00bb19256&#8243; sticky_enabled=\u00bb0&#8243;]<\/p>\n<h5>La Ley de creaci\u00f3n de SEPI establece sus funciones en:<\/h5>\n<p>[\/et_pb_text][et_pb_text admin_label=\u00bbTexto\u00bb _builder_version=\u00bb4.9.4&#8243; _module_preset=\u00bbdefault\u00bb text_font_size=\u00bb1em\u00bb header_font_size=\u00bb4em\u00bb header_line_height=\u00bb2em\u00bb header_2_font_size=\u00bb3em\u00bb header_2_line_height=\u00bb1.8em\u00bb header_3_font_size=\u00bb2.2em\u00bb header_3_line_height=\u00bb1.6em\u00bb header_4_font_size=\u00bb1.6em\u00bb header_4_line_height=\u00bb1.4em\u00bb header_5_font_size=\u00bb1.2em\u00bb header_5_line_height=\u00bb1.2em\u00bb header_6_font_size=\u00bb1em\u00bb hover_enabled=\u00bb0&#8243; text_font_size_tablet=\u00bb1.1em\u00bb text_font_size_phone=\u00bb1.2em\u00bb text_font_size_last_edited=\u00bboff|desktop\u00bb header_font_size_tablet=\u00bb1.9em\u00bb header_font_size_phone=\u00bb2em\u00bb header_font_size_last_edited=\u00bboff|desktop\u00bb header_2_font_size_tablet=\u00bb1.7em\u00bb header_2_font_size_phone=\u00bb1.8em\u00bb header_2_font_size_last_edited=\u00bboff|desktop\u00bb header_3_font_size_tablet=\u00bb1.5em\u00bb header_3_font_size_phone=\u00bb1.6em\u00bb header_3_font_size_last_edited=\u00bboff|desktop\u00bb header_4_font_size_tablet=\u00bb1.3em\u00bb header_4_font_size_phone=\u00bb1.4em\u00bb header_4_font_size_last_edited=\u00bboff|desktop\u00bb header_5_font_size_tablet=\u00bb1.1em\u00bb header_5_font_size_phone=\u00bb1.2em\u00bb header_5_font_size_last_edited=\u00bboff|desktop\u00bb header_6_font_size_tablet=\u00bb1em\u00bb header_6_font_size_phone=\u00bb1.1em\u00bb header_6_font_size_last_edited=\u00bboff|desktop\u00bb saved_tabs=\u00bball\u00bb global_colors_info=\u00bb{}\u00bb global_module=\u00bb19256&#8243; sticky_enabled=\u00bb0&#8243;]<\/p>\n<ul>\n<li>Impulsar y coordinar directamente las actividades de las sociedades p\u00fablicas de las que es titular.<\/li>\n<li>Fijar la estrategia y supervisar la planificaci\u00f3n de las sociedades participadas de forma mayoritaria y llevar a cabo el seguimiento y control de su ejecuci\u00f3n. La gesti\u00f3n ordinaria de esas sociedades corresponde a sus propios \u00f3rganos de administraci\u00f3n.<\/li>\n<li>Administrar sus acciones y participaciones y realizar todo tipo de operaciones financieras, activas y pasivas.<\/li>\n<li>Fijar las directrices generales de actuaci\u00f3n de las empresas de Grupo SEPI, aplicando criterios de gesti\u00f3n empresarial y ejecutando las directrices del Gobierno en materia de modernizaci\u00f3n y reestructuraci\u00f3n empresarial con salvaguarda del inter\u00e9s p\u00fablico.<\/li>\n<\/ul>\n<p>[\/et_pb_text][\/et_pb_column][et_pb_column type=\u00bb1_2&#8243; _builder_version=\u00bb4.9.4&#8243; _module_preset=\u00bbdefault\u00bb][et_pb_text admin_label=\u00bbTexto\u00bb _builder_version=\u00bb4.9.4&#8243; _module_preset=\u00bbdefault\u00bb text_font_size=\u00bb1em\u00bb header_font_size=\u00bb4em\u00bb header_line_height=\u00bb2em\u00bb header_2_font_size=\u00bb3em\u00bb header_2_line_height=\u00bb1.8em\u00bb header_3_font_size=\u00bb2.2em\u00bb header_3_line_height=\u00bb1.6em\u00bb header_4_font_size=\u00bb1.6em\u00bb header_4_line_height=\u00bb1.4em\u00bb header_5_font_size=\u00bb1.2em\u00bb header_5_line_height=\u00bb1.2em\u00bb header_6_font_size=\u00bb1em\u00bb hover_enabled=\u00bb0&#8243; text_font_size_tablet=\u00bb1.1em\u00bb text_font_size_phone=\u00bb1.2em\u00bb text_font_size_last_edited=\u00bboff|desktop\u00bb header_font_size_tablet=\u00bb1.9em\u00bb header_font_size_phone=\u00bb2em\u00bb header_font_size_last_edited=\u00bboff|desktop\u00bb header_2_font_size_tablet=\u00bb1.7em\u00bb header_2_font_size_phone=\u00bb1.8em\u00bb header_2_font_size_last_edited=\u00bboff|desktop\u00bb header_3_font_size_tablet=\u00bb1.5em\u00bb header_3_font_size_phone=\u00bb1.6em\u00bb header_3_font_size_last_edited=\u00bboff|desktop\u00bb header_4_font_size_tablet=\u00bb1.3em\u00bb header_4_font_size_phone=\u00bb1.4em\u00bb header_4_font_size_last_edited=\u00bboff|desktop\u00bb header_5_font_size_tablet=\u00bb1.1em\u00bb header_5_font_size_phone=\u00bb1.2em\u00bb header_5_font_size_last_edited=\u00bboff|desktop\u00bb header_6_font_size_tablet=\u00bb1em\u00bb header_6_font_size_phone=\u00bb1.1em\u00bb header_6_font_size_last_edited=\u00bboff|desktop\u00bb saved_tabs=\u00bball\u00bb global_colors_info=\u00bb{}\u00bb global_module=\u00bb19256&#8243; sticky_enabled=\u00bb0&#8243;]<\/p>\n<h5>Su principal objetivo es obtener la mayor rentabilidad de sus acciones y participaciones mediante:<\/h5>\n<p>[\/et_pb_text][et_pb_text admin_label=\u00bbTexto\u00bb _builder_version=\u00bb4.9.4&#8243; _module_preset=\u00bbdefault\u00bb text_font_size=\u00bb1em\u00bb header_font_size=\u00bb4em\u00bb header_line_height=\u00bb2em\u00bb header_2_font_size=\u00bb3em\u00bb header_2_line_height=\u00bb1.8em\u00bb header_3_font_size=\u00bb2.2em\u00bb header_3_line_height=\u00bb1.6em\u00bb header_4_font_size=\u00bb1.6em\u00bb header_4_line_height=\u00bb1.4em\u00bb header_5_font_size=\u00bb1.2em\u00bb header_5_line_height=\u00bb1.2em\u00bb header_6_font_size=\u00bb1em\u00bb hover_enabled=\u00bb0&#8243; text_font_size_tablet=\u00bb1.1em\u00bb text_font_size_phone=\u00bb1.2em\u00bb text_font_size_last_edited=\u00bboff|desktop\u00bb header_font_size_tablet=\u00bb1.9em\u00bb header_font_size_phone=\u00bb2em\u00bb header_font_size_last_edited=\u00bboff|desktop\u00bb header_2_font_size_tablet=\u00bb1.7em\u00bb header_2_font_size_phone=\u00bb1.8em\u00bb header_2_font_size_last_edited=\u00bboff|desktop\u00bb header_3_font_size_tablet=\u00bb1.5em\u00bb header_3_font_size_phone=\u00bb1.6em\u00bb header_3_font_size_last_edited=\u00bboff|desktop\u00bb header_4_font_size_tablet=\u00bb1.3em\u00bb header_4_font_size_phone=\u00bb1.4em\u00bb header_4_font_size_last_edited=\u00bboff|desktop\u00bb header_5_font_size_tablet=\u00bb1.1em\u00bb header_5_font_size_phone=\u00bb1.2em\u00bb header_5_font_size_last_edited=\u00bboff|desktop\u00bb header_6_font_size_tablet=\u00bb1em\u00bb header_6_font_size_phone=\u00bb1.1em\u00bb header_6_font_size_last_edited=\u00bboff|desktop\u00bb saved_tabs=\u00bball\u00bb global_colors_info=\u00bb{}\u00bb global_module=\u00bb19256&#8243; sticky_enabled=\u00bb0&#8243;]<\/p>\n<ul>\n<li>La definici\u00f3n y aprobaci\u00f3n de las estrategias y el establecimiento de las actuaciones relevantes y los objetivos anuales de todas las empresas del Grupo SEPI.<\/li>\n<li>El dise\u00f1o de planes de futuro, que contemplen las mejoras necesarias en las empresas deficitarias: operativas, financieras, organizativas, laborales, etc.<\/li>\n<li>El ejercicio del control de la eficacia en relaci\u00f3n a sus participadas directas y mayoritarias.<\/li>\n<\/ul>\n<p>[\/et_pb_text][\/et_pb_column][\/et_pb_row][\/et_pb_section]<\/p>\n","protected":false},"excerpt":{"rendered":"<p>Grupo SEPI<div class=\"et_pb_module lwp_divi_breadcrumbs lwp_divi_breadcrumbs_0\">\n\t\t\t\t\n\t\t\t\t\n\t\t\t\t\n\t\t\t\t\n\t\t\t\t\n\t\t\t\t\n\t\t\t\t<div class=\"et_pb_module_inner\">\n\t\t\t\t\t<div class=\"lwp-breadcrumbs\"> <span class=\"before\"><\/span> <span vocab=\"https:\/\/schema.org\/\" typeof=\"BreadcrumbList\"><span property=\"itemListElement\" typeof=\"ListItem\"><a property=\"item\" typeof=\"WebPage\" href=\"https:\/\/www.enusa.es\/en\/\" class=\"home\"><span property=\"name\">Inicio<\/span><\/a><meta property=\"position\" content=\"1\"><\/span> <span class=\"separator et-pb-icon\">&#x39;<\/span> <\/span><\/div>\n\t\t\t\t<\/div>\n\t\t\t<\/div>El Grupo SEPI est\u00e1 compuesto por un conjunto de empresas p\u00fablicas muy diversificado por sus objetos sociales: miner\u00eda, construcci\u00f3n naval, comunicaci\u00f3n, distribuci\u00f3n alimentaria, gesti\u00f3n de infraestructuras, tabaco, promoci\u00f3n empresarial, transformaci\u00f3n agraria y medioambiente, ocio, nuclear y servicios varios. Asimismo, el Grupo SEPI tiene competencias sobre la [&hellip;]<\/p>\n","protected":false},"author":1,"featured_media":0,"parent":0,"menu_order":0,"comment_status":"closed","ping_status":"closed","template":"","meta":{"_et_pb_use_builder":"on","_et_pb_old_content":"","_et_gb_content_width":"","footnotes":""},"class_list":["post-948","page","type-page","status-publish","hentry"],"yoast_head":"<!-- This site is optimized with the Yoast SEO plugin v26.9 - https:\/\/yoast.com\/product\/yoast-seo-wordpress\/ -->\n<title>SEPI - ENUSA | A company for the future<\/title>\n<meta name=\"robots\" content=\"index, follow, max-snippet:-1, max-image-preview:large, max-video-preview:-1\" \/>\n<link rel=\"canonical\" href=\"https:\/\/www.enusa.es\/en\/sepi\/\" \/>\n<meta property=\"og:locale\" content=\"en_GB\" \/>\n<meta property=\"og:type\" content=\"article\" \/>\n<meta property=\"og:title\" content=\"SEPI - ENUSA | A company for the future\" \/>\n<meta property=\"og:description\" content=\"Grupo SEPIEl Grupo SEPI est\u00e1 compuesto por un conjunto de empresas p\u00fablicas muy diversificado por sus objetos sociales: miner\u00eda, construcci\u00f3n naval, comunicaci\u00f3n, distribuci\u00f3n alimentaria, gesti\u00f3n de infraestructuras, tabaco, promoci\u00f3n empresarial, transformaci\u00f3n agraria y medioambiente, ocio, nuclear y servicios varios. Asimismo, el Grupo SEPI tiene competencias sobre la [&hellip;]\" \/>\n<meta property=\"og:url\" content=\"https:\/\/www.enusa.es\/en\/sepi\/\" \/>\n<meta property=\"og:site_name\" content=\"ENUSA | A company for the future\" \/>\n<meta property=\"article:modified_time\" content=\"2024-02-08T12:15:03+00:00\" \/>\n<meta name=\"twitter:card\" content=\"summary_large_image\" \/>\n<script type=\"application\/ld+json\" class=\"yoast-schema-graph\">{\"@context\":\"https:\/\/schema.org\",\"@graph\":[{\"@type\":\"WebPage\",\"@id\":\"https:\/\/www.enusa.es\/sepi\/\",\"url\":\"https:\/\/www.enusa.es\/sepi\/\",\"name\":\"SEPI - ENUSA | A company for the future\",\"isPartOf\":{\"@id\":\"https:\/\/www.enusa.es\/#website\"},\"datePublished\":\"2023-12-20T13:22:43+00:00\",\"dateModified\":\"2024-02-08T12:15:03+00:00\",\"breadcrumb\":{\"@id\":\"https:\/\/www.enusa.es\/sepi\/#breadcrumb\"},\"inLanguage\":\"en-GB\",\"potentialAction\":[{\"@type\":\"ReadAction\",\"target\":[\"https:\/\/www.enusa.es\/sepi\/\"]}]},{\"@type\":\"BreadcrumbList\",\"@id\":\"https:\/\/www.enusa.es\/sepi\/#breadcrumb\",\"itemListElement\":[{\"@type\":\"ListItem\",\"position\":1,\"name\":\"Portada\",\"item\":\"https:\/\/www.enusa.es\/\"},{\"@type\":\"ListItem\",\"position\":2,\"name\":\"SEPI\"}]},{\"@type\":\"WebSite\",\"@id\":\"https:\/\/www.enusa.es\/#website\",\"url\":\"https:\/\/www.enusa.es\/\",\"name\":\"ENUSA | A company for the future\",\"description\":\"Nuestro prop\u00f3sito es desarrollar soluciones innovadoras nucleares y medioambientales, contribuyendo al progreso sostenible de la sociedad\",\"potentialAction\":[{\"@type\":\"SearchAction\",\"target\":{\"@type\":\"EntryPoint\",\"urlTemplate\":\"https:\/\/www.enusa.es\/?s={search_term_string}\"},\"query-input\":{\"@type\":\"PropertyValueSpecification\",\"valueRequired\":true,\"valueName\":\"search_term_string\"}}],\"inLanguage\":\"en-GB\"}]}<\/script>\n<!-- \/ Yoast SEO plugin. -->","yoast_head_json":{"title":"SEPI - ENUSA | A company for the future","robots":{"index":"index","follow":"follow","max-snippet":"max-snippet:-1","max-image-preview":"max-image-preview:large","max-video-preview":"max-video-preview:-1"},"canonical":"https:\/\/www.enusa.es\/en\/sepi\/","og_locale":"en_GB","og_type":"article","og_title":"SEPI - ENUSA | A company for the future","og_description":"Grupo SEPIEl Grupo SEPI est\u00e1 compuesto por un conjunto de empresas p\u00fablicas muy diversificado por sus objetos sociales: miner\u00eda, construcci\u00f3n naval, comunicaci\u00f3n, distribuci\u00f3n alimentaria, gesti\u00f3n de infraestructuras, tabaco, promoci\u00f3n empresarial, transformaci\u00f3n agraria y medioambiente, ocio, nuclear y servicios varios. Asimismo, el Grupo SEPI tiene competencias sobre la [&hellip;]","og_url":"https:\/\/www.enusa.es\/en\/sepi\/","og_site_name":"ENUSA | A company for the future","article_modified_time":"2024-02-08T12:15:03+00:00","twitter_card":"summary_large_image","schema":{"@context":"https:\/\/schema.org","@graph":[{"@type":"WebPage","@id":"https:\/\/www.enusa.es\/sepi\/","url":"https:\/\/www.enusa.es\/sepi\/","name":"SEPI - ENUSA | A company for the future","isPartOf":{"@id":"https:\/\/www.enusa.es\/#website"},"datePublished":"2023-12-20T13:22:43+00:00","dateModified":"2024-02-08T12:15:03+00:00","breadcrumb":{"@id":"https:\/\/www.enusa.es\/sepi\/#breadcrumb"},"inLanguage":"en-GB","potentialAction":[{"@type":"ReadAction","target":["https:\/\/www.enusa.es\/sepi\/"]}]},{"@type":"BreadcrumbList","@id":"https:\/\/www.enusa.es\/sepi\/#breadcrumb","itemListElement":[{"@type":"ListItem","position":1,"name":"Portada","item":"https:\/\/www.enusa.es\/"},{"@type":"ListItem","position":2,"name":"SEPI"}]},{"@type":"WebSite","@id":"https:\/\/www.enusa.es\/#website","url":"https:\/\/www.enusa.es\/","name":"ENUSA | A company for the future","description":"Nuestro prop\u00f3sito es desarrollar soluciones innovadoras nucleares y medioambientales, contribuyendo al progreso sostenible de la sociedad","potentialAction":[{"@type":"SearchAction","target":{"@type":"EntryPoint","urlTemplate":"https:\/\/www.enusa.es\/?s={search_term_string}"},"query-input":{"@type":"PropertyValueSpecification","valueRequired":true,"valueName":"search_term_string"}}],"inLanguage":"en-GB"}]}},"_links":{"self":[{"href":"https:\/\/www.enusa.es\/en\/wp-json\/wp\/v2\/pages\/948","targetHints":{"allow":["GET"]}}],"collection":[{"href":"https:\/\/www.enusa.es\/en\/wp-json\/wp\/v2\/pages"}],"about":[{"href":"https:\/\/www.enusa.es\/en\/wp-json\/wp\/v2\/types\/page"}],"author":[{"embeddable":true,"href":"https:\/\/www.enusa.es\/en\/wp-json\/wp\/v2\/users\/1"}],"replies":[{"embeddable":true,"href":"https:\/\/www.enusa.es\/en\/wp-json\/wp\/v2\/comments?post=948"}],"version-history":[{"count":10,"href":"https:\/\/www.enusa.es\/en\/wp-json\/wp\/v2\/pages\/948\/revisions"}],"predecessor-version":[{"id":20179,"href":"https:\/\/www.enusa.es\/en\/wp-json\/wp\/v2\/pages\/948\/revisions\/20179"}],"wp:attachment":[{"href":"https:\/\/www.enusa.es\/en\/wp-json\/wp\/v2\/media?parent=948"}],"curies":[{"name":"wp","href":"https:\/\/api.w.org\/{rel}","templated":true}]}}